{"id":1034,"date":"2024-08-07T22:50:59","date_gmt":"2024-08-07T22:50:59","guid":{"rendered":"https:\/\/wiwo.link\/?post_type=product&#038;p=1034"},"modified":"2024-08-07T22:51:00","modified_gmt":"2024-08-07T22:51:00","slug":"yocan-orbit-kit","status":"publish","type":"product","link":"https:\/\/wiwo.link\/index.php\/product\/yocan-orbit-kit\/","title":{"rendered":"Yocan &#8211; Orbit Kit"},"content":{"rendered":"<p>La innovaci\u00f3n m\u00e1s actualizada ya est\u00e1 ac\u00e1 con el nuevo Yocan Orbit. Este dispositivo te permite vaporizar aceites concentrados, bajo un dispositivo ingeniosamente dise\u00f1ado con la m\u00e1s exquisita tecnolog\u00eda. Contiene una resistencia base de cuarzo en el tanque, permitiendo una subida de aire en forma de torbellino, gracias a una turbina impulsada por la misma aspiraci\u00f3n. Esto no termina ah\u00ed, adem\u00e1s incluye bolas extras que el usuario podr\u00e1 agregar al tanque, las cuales permitir\u00e1n que el concentrado se mezcle con mayor efectividad, calentando de forma m\u00e1s eficiente todo el contenido.<\/p>\n<p>El dispositivo est\u00e1 potenciado con una bater\u00eda de 1700mAh, que puede ser recargada por medio de su puerto USB tipo C, permitiendo una carga de mayor velocidad que cualquier otro competidor del mercado. Sus piezas hacen facil la limpieza, permitiendo ingresar a todas las zonas dif\u00edciles.<\/p>\n<p>Adem\u00e1s de eso cumple con todos los requerimientos de calor que el usuario necesite, presentando un modo ajustable al presionar 3 veces el bot\u00f3n del dispositivo, permitiendo escoger entre 3.4, 3.7 y 4.0V. Esto adem\u00e1s junto al pre calentamiento de 10 segundos que debiese tener todo dispositivo como este. Disfruta de calidad en una variedad de sabores respaldados por una marca de excelencia como lo es YOCAN.<\/p>\n<p>LINK OFICIAL<\/p>\n<p>Producto Contiene<\/p>\n<p>1x Orbit Pen<br \/>\n2x Herramientas de Ayuda tipo pala<br \/>\n10x Bolitas de Cuarzo<br \/>\n1x Protector de Boquilla Silicona<br \/>\n4x Anillos de Repuesto<br \/>\n1x Cable Type-C<br \/>\n1x Lanyard<br \/>\n1x Manual de instrucciones<\/p>\n<p>Especificaciones T\u00e9cnicas<\/p>\n<p>Pantalla NO TIENE<br \/>\nMedidas 131mm x 22mm<br \/>\nPeso Neto: ?gr<br \/>\nCapacidad de Bateria: 1700mAh<br \/>\nMaterial: Aleacion de Aluminio<br \/>\nCamara de Calentamiento: Ceramica<br \/>\nTiempo de Carga: 2.5h<\/p>\n<p>Prefiere productos con c\u00f3digo de autenticidad. S\u00f3lo los productos con c\u00f3digo funcional son genuinos. Ten precauci\u00f3n con los productos falsificados que se encuentran en el mercado. Tu garant\u00eda al comprar en Vape cubrir\u00e1 incluso que tu c\u00f3digo funcione correctamente.<\/p>\n<p>Vape Chile, cigarrillos electronicos y vaporizadores . Tienda de accesorios, repuestos y esencias para vaporizador (cigarro electronico)<\/p>\n","protected":false},"excerpt":{"rendered":"<p>La innovaci\u00f3n m\u00e1s actualizada ya est\u00e1 ac\u00e1 con el nuevo Yocan Orbit. Este dispositivo te permite vaporizar aceites concentrados, bajo un dispositivo ingeniosamente dise\u00f1ado con la m\u00e1s exquisita tecnolog\u00eda. Contiene una resistencia base de cuarzo en el tanque, permitiendo una subida de aire en forma de torbellino, gracias a una turbina impulsada por la misma [&hellip;]<\/p>\n","protected":false},"featured_media":0,"comment_status":"open","ping_status":"closed","template":"","meta":[],"product_cat":[15],"product_tag":[],"class_list":{"0":"post-1034","1":"product","2":"type-product","3":"status-publish","5":"product_cat-uncategorized","7":"first","8":"outofstock","9":"shipping-taxable","10":"product-type-variable"},"_links":{"self":[{"href":"https:\/\/wiwo.link\/index.php\/wp-json\/wp\/v2\/product\/1034","targetHints":{"allow":["GET"]}}],"collection":[{"href":"https:\/\/wiwo.link\/index.php\/wp-json\/wp\/v2\/product"}],"about":[{"href":"https:\/\/wiwo.link\/index.php\/wp-json\/wp\/v2\/types\/product"}],"replies":[{"embeddable":true,"href":"https:\/\/wiwo.link\/index.php\/wp-json\/wp\/v2\/comments?post=1034"}],"wp:attachment":[{"href":"https:\/\/wiwo.link\/index.php\/wp-json\/wp\/v2\/media?parent=1034"}],"wp:term":[{"taxonomy":"product_cat","embeddable":true,"href":"https:\/\/wiwo.link\/index.php\/wp-json\/wp\/v2\/product_cat?post=1034"},{"taxonomy":"product_tag","embeddable":true,"href":"https:\/\/wiwo.link\/index.php\/wp-json\/wp\/v2\/product_tag?post=1034"}],"curies":[{"name":"wp","href":"https:\/\/api.w.org\/{rel}","templated":true}]}}