{"id":1204,"date":"2024-08-07T22:51:21","date_gmt":"2024-08-07T22:51:21","guid":{"rendered":"https:\/\/wiwo.link\/?post_type=product&#038;p=1204"},"modified":"2024-08-07T22:51:23","modified_gmt":"2024-08-07T22:51:23","slug":"black-note-shortfill-burley-tobacco-50ml","status":"publish","type":"product","link":"https:\/\/wiwo.link\/index.php\/product\/black-note-shortfill-burley-tobacco-50ml\/","title":{"rendered":"Black Note Shortfill &#8211; Burley Tobacco 50ml"},"content":{"rendered":"<p>Black Note es la marca de esencias tabaquiles con m\u00e1s premios a nivel mundial. Con sede ubicada en USA e Italia, se especializa \u00fanicamente en la creaci\u00f3n de lineas tabaquiles organicas naturales sin componentes a\u00f1adidos, sin endulzantes, sin saborizantes artificiales, gracias a su procesamiento de las hojas de tabaco cosechadas directamente desde sus propias plantaciones localizadas en USA, Cuba e Italia. Esta l\u00ednea de tabaquiles est\u00e1 \u00fanicamente enfocada en usuarios que no busquen sabor en el l\u00edquido, sino solo en su aroma. Podr\u00e1 disfrutar de un l\u00edquido que no deja olor, no posee endulzantes molestos para el paladar, y tiene excelentes tonalidades arom\u00e1ticas que podr\u00e1 disfrutar al exhalar la esencia. Disfrute de distintas clases de tabacos organicos con tonos muy diferenciados, podr\u00e1 disfrutar de la suavidad y aroma de un Virginia, amaderado Kentucky, ahumado Latakia, estilo oriental, y muchos m\u00e1s, entregando una experiencia \u00fanica en su clase. Si busca una esencia que no le deje sabores molestos, con verdaderas extracciones directas desde la hoja de tabaco, Black Note es su elecci\u00f3n perfecta.<\/p>\n<p>Nuestro tabaco Burley, conocido como Forte, ofrece una experiencia equilibrada, a nuez y suave. Cultivado en las f\u00e9rtiles laderas del volc\u00e1n Vesubio en Italia, el tabaco se madura al sol y se enfr\u00eda a la sombra, lo que da lugar a un sabor sabroso. La mezcla refleja el uso com\u00fan de tabacos Virginia, Burley y Oriental en los cigarrillos de Am\u00e9rica del Norte, presentes en marcas populares como Marlboro, L&#038;M y Chesterfield<\/p>\n<p>\u2014\u2014\u2014\u2014\u2014\u2014\u2014\u2014\u2014\u2014\u2014\u2013<br \/>\nConcentracion PG\/VG : 70\/30<br \/>\nContenido : 50ml Shortfill<br \/>\nNivel de Menthol: SIN ICE<br \/>\nFuerza : 0mg | 3mg | 6mg<\/p>\n<p>Recuerda siempre escoger cuidadosamente tus l\u00edquidos, ya que muchos en el mercado son de procedencia desconocida. \u00bfSab\u00edas que hay l\u00edquidos con componentes que podr\u00edan da\u00f1ar tu salud?, muchos vendedores de l\u00edquidos a\u00f1aden componentes que son perjudiciales para tu organismo (az\u00facares indebidos, esencias no aptas para l\u00edquido, entre otros), por lo cual siempre procura comprar tus l\u00edquidos en empresas con laboratorio aprobado, de experiencia y renombre a nivel mundial.<\/p>\n<p>Vape Chile, cigarrillos electronicos y vaporizadores . Tienda de accesorios, repuestos y esencias para vaporizador (cigarro electronico).<\/p>\n","protected":false},"excerpt":{"rendered":"<p>Black Note es la marca de esencias tabaquiles con m\u00e1s premios a nivel mundial. Con sede ubicada en USA e Italia, se especializa \u00fanicamente en la creaci\u00f3n de lineas tabaquiles organicas naturales sin componentes a\u00f1adidos, sin endulzantes, sin saborizantes artificiales, gracias a su procesamiento de las hojas de tabaco cosechadas directamente desde sus propias plantaciones [&hellip;]<\/p>\n","protected":false},"featured_media":0,"comment_status":"open","ping_status":"closed","template":"","meta":[],"product_cat":[15],"product_tag":[],"class_list":{"0":"post-1204","1":"product","2":"type-product","3":"status-publish","5":"product_cat-uncategorized","7":"first","8":"outofstock","9":"shipping-taxable","10":"product-type-variable"},"_links":{"self":[{"href":"https:\/\/wiwo.link\/index.php\/wp-json\/wp\/v2\/product\/1204","targetHints":{"allow":["GET"]}}],"collection":[{"href":"https:\/\/wiwo.link\/index.php\/wp-json\/wp\/v2\/product"}],"about":[{"href":"https:\/\/wiwo.link\/index.php\/wp-json\/wp\/v2\/types\/product"}],"replies":[{"embeddable":true,"href":"https:\/\/wiwo.link\/index.php\/wp-json\/wp\/v2\/comments?post=1204"}],"wp:attachment":[{"href":"https:\/\/wiwo.link\/index.php\/wp-json\/wp\/v2\/media?parent=1204"}],"wp:term":[{"taxonomy":"product_cat","embeddable":true,"href":"https:\/\/wiwo.link\/index.php\/wp-json\/wp\/v2\/product_cat?post=1204"},{"taxonomy":"product_tag","embeddable":true,"href":"https:\/\/wiwo.link\/index.php\/wp-json\/wp\/v2\/product_tag?post=1204"}],"curies":[{"name":"wp","href":"https:\/\/api.w.org\/{rel}","templated":true}]}}