{"id":1214,"date":"2024-08-07T22:51:22","date_gmt":"2024-08-07T22:51:22","guid":{"rendered":"https:\/\/wiwo.link\/?post_type=product&#038;p=1214"},"modified":"2024-08-07T22:51:23","modified_gmt":"2024-08-07T22:51:23","slug":"black-note-shortfill-menthol-blend-50ml","status":"publish","type":"product","link":"https:\/\/wiwo.link\/index.php\/product\/black-note-shortfill-menthol-blend-50ml\/","title":{"rendered":"Black Note Shortfill &#8211; Menthol Blend 50ml"},"content":{"rendered":"<p>Black Note es la marca de esencias tabaquiles con m\u00e1s premios a nivel mundial. Con sede ubicada en USA e Italia, se especializa \u00fanicamente en la creaci\u00f3n de lineas tabaquiles organicas naturales sin componentes a\u00f1adidos, sin endulzantes, sin saborizantes artificiales, gracias a su procesamiento de las hojas de tabaco cosechadas directamente desde sus propias plantaciones localizadas en USA, Cuba e Italia. Esta l\u00ednea de tabaquiles est\u00e1 \u00fanicamente enfocada en usuarios que no busquen sabor en el l\u00edquido, sino solo en su aroma. Podr\u00e1 disfrutar de un l\u00edquido que no deja olor, no posee endulzantes molestos para el paladar, y tiene excelentes tonalidades arom\u00e1ticas que podr\u00e1 disfrutar al exhalar la esencia. Disfrute de distintas clases de tabacos organicos con tonos muy diferenciados, podr\u00e1 disfrutar de la suavidad y aroma de un Virginia, amaderado Kentucky, ahumado Latakia, estilo oriental, y muchos m\u00e1s, entregando una experiencia \u00fanica en su clase. Si busca una esencia que no le deje sabores molestos, con verdaderas extracciones directas desde la hoja de tabaco, Black Note es su elecci\u00f3n perfecta.<\/p>\n<p>Di &#8220;adi\u00f3s&#8221; a las resistencias pegajosas con la \u00faltima y m\u00e1s innovadora tecnolog\u00eda de extracci\u00f3n de tabaco de Black Note. Nuestro Special Blend proviene de un meticuloso proceso de extracci\u00f3n que involucra tabaco Virginia, Burley y Oriental. Cada tipo de tabaco se somete a un cuidadoso proceso de curado en hornos, al aire libre y al sol, creando un perfil de sabor exquisitamente equilibrado que captura la esencia quintesencial de un cigarrillo cl\u00e1sico<\/p>\n<p>\u2014\u2014\u2014\u2014\u2014\u2014\u2014\u2014\u2014\u2014\u2014\u2013<br \/>\nConcentracion PG\/VG : 70\/30<br \/>\nContenido : 50ml Shortfill<br \/>\nNivel de Menthol: SIN ICE<br \/>\nFuerza : 0mg | 3mg | 6mg<\/p>\n<p>Recuerda siempre escoger cuidadosamente tus l\u00edquidos, ya que muchos en el mercado son de procedencia desconocida. \u00bfSab\u00edas que hay l\u00edquidos con componentes que podr\u00edan da\u00f1ar tu salud?, muchos vendedores de l\u00edquidos a\u00f1aden componentes que son perjudiciales para tu organismo (az\u00facares indebidos, esencias no aptas para l\u00edquido, entre otros), por lo cual siempre procura comprar tus l\u00edquidos en empresas con laboratorio aprobado, de experiencia y renombre a nivel mundial.<\/p>\n<p>Vape Chile, cigarrillos electronicos y vaporizadores . Tienda de accesorios, repuestos y esencias para vaporizador (cigarro electronico).<\/p>\n","protected":false},"excerpt":{"rendered":"<p>Black Note es la marca de esencias tabaquiles con m\u00e1s premios a nivel mundial. Con sede ubicada en USA e Italia, se especializa \u00fanicamente en la creaci\u00f3n de lineas tabaquiles organicas naturales sin componentes a\u00f1adidos, sin endulzantes, sin saborizantes artificiales, gracias a su procesamiento de las hojas de tabaco cosechadas directamente desde sus propias plantaciones [&hellip;]<\/p>\n","protected":false},"featured_media":0,"comment_status":"open","ping_status":"closed","template":"","meta":[],"product_cat":[15],"product_tag":[],"class_list":{"0":"post-1214","1":"product","2":"type-product","3":"status-publish","5":"product_cat-uncategorized","7":"first","8":"outofstock","9":"shipping-taxable","10":"product-type-variable"},"_links":{"self":[{"href":"https:\/\/wiwo.link\/index.php\/wp-json\/wp\/v2\/product\/1214","targetHints":{"allow":["GET"]}}],"collection":[{"href":"https:\/\/wiwo.link\/index.php\/wp-json\/wp\/v2\/product"}],"about":[{"href":"https:\/\/wiwo.link\/index.php\/wp-json\/wp\/v2\/types\/product"}],"replies":[{"embeddable":true,"href":"https:\/\/wiwo.link\/index.php\/wp-json\/wp\/v2\/comments?post=1214"}],"wp:attachment":[{"href":"https:\/\/wiwo.link\/index.php\/wp-json\/wp\/v2\/media?parent=1214"}],"wp:term":[{"taxonomy":"product_cat","embeddable":true,"href":"https:\/\/wiwo.link\/index.php\/wp-json\/wp\/v2\/product_cat?post=1214"},{"taxonomy":"product_tag","embeddable":true,"href":"https:\/\/wiwo.link\/index.php\/wp-json\/wp\/v2\/product_tag?post=1214"}],"curies":[{"name":"wp","href":"https:\/\/api.w.org\/{rel}","templated":true}]}}