{"id":1228,"date":"2024-08-07T22:51:24","date_gmt":"2024-08-07T22:51:24","guid":{"rendered":"https:\/\/wiwo.link\/?post_type=product&#038;p=1228"},"modified":"2024-08-07T22:51:26","modified_gmt":"2024-08-07T22:51:26","slug":"black-note-salt-cavendish-tobacco-30ml","status":"publish","type":"product","link":"https:\/\/wiwo.link\/index.php\/product\/black-note-salt-cavendish-tobacco-30ml\/","title":{"rendered":"Black Note Salt &#8211; Cavendish Tobacco 30ml"},"content":{"rendered":"<p>Black Note es la marca de esencias tabaquiles con m\u00e1s premios a nivel mundial. Con sede ubicada en USA e Italia, se especializa \u00fanicamente en la creaci\u00f3n de lineas tabaquiles organicas naturales sin componentes a\u00f1adidos, sin endulzantes, sin saborizantes artificiales, gracias a su procesamiento de las hojas de tabaco cosechadas directamente desde sus propias plantaciones localizadas en USA, Cuba e Italia. Esta l\u00ednea de tabaquiles est\u00e1 \u00fanicamente enfocada en usuarios que no busquen sabor en el l\u00edquido, sino solo en su aroma. Podr\u00e1 disfrutar de un l\u00edquido que no deja olor, no posee endulzantes molestos para el paladar, y tiene excelentes tonalidades arom\u00e1ticas que podr\u00e1 disfrutar al exhalar la esencia. Disfrute de distintas clases de tabacos organicos con tonos muy diferenciados, podr\u00e1 disfrutar de la suavidad y aroma de un Virginia, amaderado Kentucky, ahumado Latakia, estilo oriental, y muchos m\u00e1s, entregando una experiencia \u00fanica en su clase. Si busca una esencia que no le deje sabores molestos, con verdaderas extracciones directas desde la hoja de tabaco, Black Note es su elecci\u00f3n perfecta.<\/p>\n<p>Nuestro tabaco Cavendish, conocido como Sonata, es una mezcla arom\u00e1tica y naturalmente dulce derivada de tabaco Virginia oscuro maduro. Las hojas se someten a un proceso centenario que implica un curado preciso, curado en barriles de roble y vaporizado, lo que resulta en un tabaco rico e intensamente aromatizado<\/p>\n<p>Liquido Salt, esto significa que es un concentrado recomendado solo para vaporizadores peque\u00f1os dentro de la categoria Pods.<\/p>\n<p>Los Liquidos Salt no son recomendados para drip, atomizadores comerciales ni resistencias reparables.<\/p>\n<p>\u2014\u2014\u2014\u2014\u2014\u2014\u2014\u2014\u2014\u2014\u2014\u2013<br \/>\nConcentracion PG\/VG : 50\/50<br \/>\nContenido : 30ml<br \/>\nFuerza :  20mg | 30mg | 50mg<\/p>\n<p>Recuerda siempre escoger cuidadosamente tus l\u00edquidos, ya que muchos en el mercado son de procedencia desconocida. \u00bfSab\u00edas que hay l\u00edquidos con componentes que podr\u00edan da\u00f1ar tu salud?, muchos vendedores de l\u00edquidos a\u00f1aden componentes que son perjudiciales para tu organismo (az\u00facares indebidos, esencias no aptas para l\u00edquido, entre otros), por lo cual siempre procura comprar tus l\u00edquidos en empresas con laboratorio aprobado, de experiencia y renombre a nivel mundial.<\/p>\n<p>Vape Chile, cigarrillos electronicos y vaporizadores . Tienda de accesorios, repuestos y esencias para vaporizador (cigarro electronico).<\/p>\n","protected":false},"excerpt":{"rendered":"<p>Black Note es la marca de esencias tabaquiles con m\u00e1s premios a nivel mundial. Con sede ubicada en USA e Italia, se especializa \u00fanicamente en la creaci\u00f3n de lineas tabaquiles organicas naturales sin componentes a\u00f1adidos, sin endulzantes, sin saborizantes artificiales, gracias a su procesamiento de las hojas de tabaco cosechadas directamente desde sus propias plantaciones [&hellip;]<\/p>\n","protected":false},"featured_media":0,"comment_status":"open","ping_status":"closed","template":"","meta":[],"product_cat":[15],"product_tag":[],"class_list":{"0":"post-1228","1":"product","2":"type-product","3":"status-publish","5":"product_cat-uncategorized","7":"first","8":"outofstock","9":"shipping-taxable","10":"product-type-variable"},"_links":{"self":[{"href":"https:\/\/wiwo.link\/index.php\/wp-json\/wp\/v2\/product\/1228","targetHints":{"allow":["GET"]}}],"collection":[{"href":"https:\/\/wiwo.link\/index.php\/wp-json\/wp\/v2\/product"}],"about":[{"href":"https:\/\/wiwo.link\/index.php\/wp-json\/wp\/v2\/types\/product"}],"replies":[{"embeddable":true,"href":"https:\/\/wiwo.link\/index.php\/wp-json\/wp\/v2\/comments?post=1228"}],"wp:attachment":[{"href":"https:\/\/wiwo.link\/index.php\/wp-json\/wp\/v2\/media?parent=1228"}],"wp:term":[{"taxonomy":"product_cat","embeddable":true,"href":"https:\/\/wiwo.link\/index.php\/wp-json\/wp\/v2\/product_cat?post=1228"},{"taxonomy":"product_tag","embeddable":true,"href":"https:\/\/wiwo.link\/index.php\/wp-json\/wp\/v2\/product_tag?post=1228"}],"curies":[{"name":"wp","href":"https:\/\/api.w.org\/{rel}","templated":true}]}}