{"id":1398,"date":"2024-08-07T22:51:44","date_gmt":"2024-08-07T22:51:44","guid":{"rendered":"https:\/\/wiwo.link\/?post_type=product&#038;p=1398"},"modified":"2024-08-07T22:51:45","modified_gmt":"2024-08-07T22:51:45","slug":"vozol-bar-2200-puffs-50mg-lush-ice","status":"publish","type":"product","link":"https:\/\/wiwo.link\/index.php\/product\/vozol-bar-2200-puffs-50mg-lush-ice\/","title":{"rendered":"Vozol BAR 2200 Puffs 50mg &#8211; Lush Ice"},"content":{"rendered":"<p>Disfruta de una gran variedad de sabores respaldados por una marca de experiencia como Vozol en el mundo de los desechables. El nuevo dispositivo desechable BAR 2200 tiene una capacidad de 6.5ml con los cuales podr\u00e1s llegar hasta 2200puff garantizados. Adem\u00e1s viene en un bonito y compacto dise\u00f1o que podr\u00e1s llevar contigo a todas partes.<\/p>\n<p>\u00a1Escoge el sabor que tu quieras, Tienes mucha variedad!<\/p>\n<p>Liquido Salt, concentrado recomendado solo para vaporizadores peque\u00f1os dentro de la categoria Pods.<\/p>\n<p>Los Liquidos Salt no son recomendados para dispositivos de alta producci\u00f3n de vapor.<\/p>\n<p>\u2014\u2014\u2014\u2014\u2014\u2014\u2014\u2014\u2014\u2014\u2014\u2013<br \/>\nConcentracion PG\/VG : 50\/50<br \/>\nContenido : 6.5ml<br \/>\nNicotina: SI<br \/>\nFuerza :  5% (50mg)<\/p>\n<p>Recuerda siempre escoger cuidadosamente tus l\u00edquidos, ya que muchos en el mercado son de procedencia desconocida. \u00bfSab\u00edas que hay l\u00edquidos con componentes que podr\u00edan da\u00f1ar tu salud?, muchos vendedores de l\u00edquidos a\u00f1aden componentes que son perjudiciales para tu organismo (az\u00facares indebidos, esencias no aptas para l\u00edquido, entre otros), por lo cual siempre procura comprar tus l\u00edquidos en empresas con laboratorio aprobado, de experiencia y renombre a nivel mundial.<\/p>\n<p>Vape Chile, cigarrillos electronicos y vaporizadores . Tienda de accesorios, repuestos y esencias para vaporizador (cigarro electronico).<\/p>\n","protected":false},"excerpt":{"rendered":"<p>Disfruta de una gran variedad de sabores respaldados por una marca de experiencia como Vozol en el mundo de los desechables. El nuevo dispositivo desechable BAR 2200 tiene una capacidad de 6.5ml con los cuales podr\u00e1s llegar hasta 2200puff garantizados. Adem\u00e1s viene en un bonito y compacto dise\u00f1o que podr\u00e1s llevar contigo a todas partes. [&hellip;]<\/p>\n","protected":false},"featured_media":0,"comment_status":"open","ping_status":"closed","template":"","meta":[],"product_cat":[15],"product_tag":[],"class_list":{"0":"post-1398","1":"product","2":"type-product","3":"status-publish","5":"product_cat-uncategorized","7":"first","8":"instock","9":"shipping-taxable","10":"product-type-simple"},"_links":{"self":[{"href":"https:\/\/wiwo.link\/index.php\/wp-json\/wp\/v2\/product\/1398","targetHints":{"allow":["GET"]}}],"collection":[{"href":"https:\/\/wiwo.link\/index.php\/wp-json\/wp\/v2\/product"}],"about":[{"href":"https:\/\/wiwo.link\/index.php\/wp-json\/wp\/v2\/types\/product"}],"replies":[{"embeddable":true,"href":"https:\/\/wiwo.link\/index.php\/wp-json\/wp\/v2\/comments?post=1398"}],"wp:attachment":[{"href":"https:\/\/wiwo.link\/index.php\/wp-json\/wp\/v2\/media?parent=1398"}],"wp:term":[{"taxonomy":"product_cat","embeddable":true,"href":"https:\/\/wiwo.link\/index.php\/wp-json\/wp\/v2\/product_cat?post=1398"},{"taxonomy":"product_tag","embeddable":true,"href":"https:\/\/wiwo.link\/index.php\/wp-json\/wp\/v2\/product_tag?post=1398"}],"curies":[{"name":"wp","href":"https:\/\/api.w.org\/{rel}","templated":true}]}}