{"id":1492,"date":"2024-08-07T22:51:55","date_gmt":"2024-08-07T22:51:55","guid":{"rendered":"https:\/\/wiwo.link\/?post_type=product&#038;p=1492"},"modified":"2024-08-07T22:51:56","modified_gmt":"2024-08-07T22:51:56","slug":"vaporesso-luxe-q2","status":"publish","type":"product","link":"https:\/\/wiwo.link\/index.php\/product\/vaporesso-luxe-q2\/","title":{"rendered":"Vaporesso Luxe Q2"},"content":{"rendered":"<p>Llega la segunda versi\u00f3n de la ya tan afamada y reconocida familia Luxe Q de Vaporesso. Luxe Q2 es la perfecci\u00f3n del sistema, manteniendo su dise\u00f1o compacto, c\u00f3modo y elegante, se presenta con materiales solo de alta calidad, para durar por largos a\u00f1os en tu bolsillo. El dispositivo incluye ajuste de flujo de aire a gusto del usuario, adem\u00e1s de carga r\u00e1pida de 2A, y 1000mAh de autonom\u00eda de bater\u00eda. Posee adem\u00e1s una incre\u00edble gesti\u00f3n de energ\u00eda, entregando precisi\u00f3n en el sabor y un excelente ahorro de bater\u00eda. Gracias a su carga r\u00e1pida, el Luxe Q carga en tan solo 30 minutos, y puede llegar a durar hasta 48 horas con uso normal. El ajuste de flujo de aire se siente robusto y firme al deslizar, dando seguridad de precisi\u00f3n. El dispositivo incluye dos versiones de cartuchos para que pueda buscar cual se ajusta mejor a sus necesidades. Sus cartuchos son de 3ml de capacidad, bajo un extraordinario formato de ingenier\u00eda que evitar\u00e1 las indeseables fugas. El dispositivo es compatible con cualquier cartucho de la familia Luxe Q, inclu\u00eddos los cartuchos de 2ml.<\/p>\n<p>LINK OFICIAL<\/p>\n<p>Producto Contiene<\/p>\n<p>1x Bater\u00eda Vaporesso Luxe Q2 (Leather Edition)<br \/>\n1x Cartucho Vaporesso Luxe Q POD 1.0 (3ml)<br \/>\n1x Cartucho Vaporesso Luxe Q POD 0.6 (3ml)<br \/>\n1x Cable de carga USB tipo-C<br \/>\n1x Manual de Usuario<br \/>\n1x Tarjeta de Garantia<\/p>\n<p>Especificaciones T\u00e9cnicas<\/p>\n<p>Capacidad de Tanque de 3ml<br \/>\nCapacidad de Bateria: 1000mAh<br \/>\nMedidas: 96,8mm x 26mm x 18,6mm<br \/>\nPeso ?<br \/>\nPoder de Salida: No Aplica<br \/>\nVersion Carga Rapida: DC 5V\/2A<br \/>\nPantalla: NO TIENE<\/p>\n","protected":false},"excerpt":{"rendered":"<p>Llega la segunda versi\u00f3n de la ya tan afamada y reconocida familia Luxe Q de Vaporesso. Luxe Q2 es la perfecci\u00f3n del sistema, manteniendo su dise\u00f1o compacto, c\u00f3modo y elegante, se presenta con materiales solo de alta calidad, para durar por largos a\u00f1os en tu bolsillo. El dispositivo incluye ajuste de flujo de aire a [&hellip;]<\/p>\n","protected":false},"featured_media":0,"comment_status":"open","ping_status":"closed","template":"","meta":[],"product_cat":[15],"product_tag":[],"class_list":{"0":"post-1492","1":"product","2":"type-product","3":"status-publish","5":"product_cat-uncategorized","7":"first","8":"outofstock","9":"shipping-taxable","10":"product-type-variable"},"_links":{"self":[{"href":"https:\/\/wiwo.link\/index.php\/wp-json\/wp\/v2\/product\/1492","targetHints":{"allow":["GET"]}}],"collection":[{"href":"https:\/\/wiwo.link\/index.php\/wp-json\/wp\/v2\/product"}],"about":[{"href":"https:\/\/wiwo.link\/index.php\/wp-json\/wp\/v2\/types\/product"}],"replies":[{"embeddable":true,"href":"https:\/\/wiwo.link\/index.php\/wp-json\/wp\/v2\/comments?post=1492"}],"wp:attachment":[{"href":"https:\/\/wiwo.link\/index.php\/wp-json\/wp\/v2\/media?parent=1492"}],"wp:term":[{"taxonomy":"product_cat","embeddable":true,"href":"https:\/\/wiwo.link\/index.php\/wp-json\/wp\/v2\/product_cat?post=1492"},{"taxonomy":"product_tag","embeddable":true,"href":"https:\/\/wiwo.link\/index.php\/wp-json\/wp\/v2\/product_tag?post=1492"}],"curies":[{"name":"wp","href":"https:\/\/api.w.org\/{rel}","templated":true}]}}