{"id":1514,"date":"2024-08-07T22:51:58","date_gmt":"2024-08-07T22:51:58","guid":{"rendered":"https:\/\/wiwo.link\/?post_type=product&#038;p=1514"},"modified":"2024-08-07T22:52:00","modified_gmt":"2024-08-07T22:52:00","slug":"vaporesso-xros-3-nano","status":"publish","type":"product","link":"https:\/\/wiwo.link\/index.php\/product\/vaporesso-xros-3-nano\/","title":{"rendered":"Vaporesso Xros 3 Nano"},"content":{"rendered":"<p>Si ya has tenido un vaporizador de la familia XROS de seguro ya sabr\u00e1s que has tenido el modelo m\u00e1s vendido de Vaporesso. El cual llega esta vez en su nueva versi\u00f3n con nuevos colores y dise\u00f1os, manteniendo sus caracter\u00edsticas m\u00e1s importantes, cartuchos de 2ml de capacidad, y 1000mAh de capacidad de bater\u00eda con carga tipo-C.<\/p>\n<p>Producto Contiene<\/p>\n<p>1x Bater\u00eda Vaporesso Xros 3 Nano<br \/>\n1x Cartucho Vaporesso Xros POD 0.6 (2ml)<br \/>\n1x Cartucho Vaporesso Luxe Q POD 0.8 (2ml)<br \/>\n1x Cable de carga USB tipo-C<br \/>\n1x Lanyard para colgar<br \/>\n1x Manual de Usuario<br \/>\n1x Tarjeta de Garantia<\/p>\n<p>Especificaciones T\u00e9cnicas<\/p>\n<p>Capacidad de Tanque de 2ml<br \/>\nCapacidad de Bateria: 1000mAh<br \/>\nMedidas: 14mm x 51.2mm x 69,9mm<br \/>\nPeso 52,6gr<br \/>\nPoder de Salida: No Aplica<br \/>\nVersion Carga Rapida: DC 5V\/1A<br \/>\nPantalla: NO TIENE<\/p>\n","protected":false},"excerpt":{"rendered":"<p>Si ya has tenido un vaporizador de la familia XROS de seguro ya sabr\u00e1s que has tenido el modelo m\u00e1s vendido de Vaporesso. El cual llega esta vez en su nueva versi\u00f3n con nuevos colores y dise\u00f1os, manteniendo sus caracter\u00edsticas m\u00e1s importantes, cartuchos de 2ml de capacidad, y 1000mAh de capacidad de bater\u00eda con carga [&hellip;]<\/p>\n","protected":false},"featured_media":0,"comment_status":"open","ping_status":"closed","template":"","meta":[],"product_cat":[15],"product_tag":[],"class_list":{"0":"post-1514","1":"product","2":"type-product","3":"status-publish","5":"product_cat-uncategorized","7":"first","8":"outofstock","9":"shipping-taxable","10":"product-type-variable"},"_links":{"self":[{"href":"https:\/\/wiwo.link\/index.php\/wp-json\/wp\/v2\/product\/1514","targetHints":{"allow":["GET"]}}],"collection":[{"href":"https:\/\/wiwo.link\/index.php\/wp-json\/wp\/v2\/product"}],"about":[{"href":"https:\/\/wiwo.link\/index.php\/wp-json\/wp\/v2\/types\/product"}],"replies":[{"embeddable":true,"href":"https:\/\/wiwo.link\/index.php\/wp-json\/wp\/v2\/comments?post=1514"}],"wp:attachment":[{"href":"https:\/\/wiwo.link\/index.php\/wp-json\/wp\/v2\/media?parent=1514"}],"wp:term":[{"taxonomy":"product_cat","embeddable":true,"href":"https:\/\/wiwo.link\/index.php\/wp-json\/wp\/v2\/product_cat?post=1514"},{"taxonomy":"product_tag","embeddable":true,"href":"https:\/\/wiwo.link\/index.php\/wp-json\/wp\/v2\/product_tag?post=1514"}],"curies":[{"name":"wp","href":"https:\/\/api.w.org\/{rel}","templated":true}]}}