{"id":1525,"date":"2024-08-07T22:52:01","date_gmt":"2024-08-07T22:52:01","guid":{"rendered":"https:\/\/wiwo.link\/?post_type=product&#038;p=1525"},"modified":"2024-08-07T22:52:03","modified_gmt":"2024-08-07T22:52:03","slug":"vaporesso-luxe-x-pro","status":"publish","type":"product","link":"https:\/\/wiwo.link\/index.php\/product\/vaporesso-luxe-x-pro\/","title":{"rendered":"Vaporesso Luxe X Pro"},"content":{"rendered":"<p>Si buscas m\u00e1s profesionalismo, algo que de el paso al siguiente escal\u00f3n, te presentamos el nuevo Luxe X PRO. Alcanza el nivel pro gracias a un sistema de control de potencia totalmente a tu gusto, con activaci\u00f3n dual para que utilices tu dispositivo tanto presionando el bot\u00f3n mientras inhalas as\u00ed como tambi\u00e9n con encendido autom\u00e1tico al detectar tu inhalaci\u00f3n. El dispositivo incluye un preciso sistema de ajuste y control de potencia mediante una pantalla OLED indicadora de Watts de salida, haciendolo sumamente personalizable para tener una excelente experiencia tanto con uso DTL como MTL. El Luxe X PRO es tambi\u00e9n completamente compatible con todos los cartuchos y resistencias GTX de la familia Vaporesso Luxe X. Adem\u00e1s incluye una excelente autonom\u00eda gracias a una bater\u00eda con 1500mAh de capacidad, compatible con puerto de carga USB tipo-C.<\/p>\n<p>Producto Contiene<\/p>\n<p>1x Bater\u00eda Vaporesso Luxe X PRO<br \/>\n1x Cartucho Vaporesso Luxe X 0.4 (5ml)<br \/>\n1x Cartucho Vaporesso Luxe X 0.6 (5ml)<br \/>\n1x Cable de carga USB tipo-C<br \/>\n1x Manual de Usuario<br \/>\n1x Tarjeta de Garantia<\/p>\n<p>Especificaciones T\u00e9cnicas<\/p>\n<p>Capacidad de Tanque de 5ml<br \/>\nCapacidad de Bateria: 1500mAh<br \/>\nMedidas: 99,1mm x 32mm x 23,4mm<br \/>\nPeso ?<br \/>\nPoder de Salida: 40W<br \/>\nVersion Carga Rapida: DC 5V\/15A<br \/>\nPantalla: OLED 0,42&#8243;<\/p>\n","protected":false},"excerpt":{"rendered":"<p>Si buscas m\u00e1s profesionalismo, algo que de el paso al siguiente escal\u00f3n, te presentamos el nuevo Luxe X PRO. Alcanza el nivel pro gracias a un sistema de control de potencia totalmente a tu gusto, con activaci\u00f3n dual para que utilices tu dispositivo tanto presionando el bot\u00f3n mientras inhalas as\u00ed como tambi\u00e9n con encendido autom\u00e1tico [&hellip;]<\/p>\n","protected":false},"featured_media":0,"comment_status":"open","ping_status":"closed","template":"","meta":[],"product_cat":[15],"product_tag":[],"class_list":{"0":"post-1525","1":"product","2":"type-product","3":"status-publish","5":"product_cat-uncategorized","7":"first","8":"outofstock","9":"shipping-taxable","10":"product-type-variable"},"_links":{"self":[{"href":"https:\/\/wiwo.link\/index.php\/wp-json\/wp\/v2\/product\/1525","targetHints":{"allow":["GET"]}}],"collection":[{"href":"https:\/\/wiwo.link\/index.php\/wp-json\/wp\/v2\/product"}],"about":[{"href":"https:\/\/wiwo.link\/index.php\/wp-json\/wp\/v2\/types\/product"}],"replies":[{"embeddable":true,"href":"https:\/\/wiwo.link\/index.php\/wp-json\/wp\/v2\/comments?post=1525"}],"wp:attachment":[{"href":"https:\/\/wiwo.link\/index.php\/wp-json\/wp\/v2\/media?parent=1525"}],"wp:term":[{"taxonomy":"product_cat","embeddable":true,"href":"https:\/\/wiwo.link\/index.php\/wp-json\/wp\/v2\/product_cat?post=1525"},{"taxonomy":"product_tag","embeddable":true,"href":"https:\/\/wiwo.link\/index.php\/wp-json\/wp\/v2\/product_tag?post=1525"}],"curies":[{"name":"wp","href":"https:\/\/api.w.org\/{rel}","templated":true}]}}