{"id":1604,"date":"2024-08-07T22:52:09","date_gmt":"2024-08-07T22:52:09","guid":{"rendered":"https:\/\/wiwo.link\/?post_type=product&#038;p=1604"},"modified":"2024-08-07T22:52:11","modified_gmt":"2024-08-07T22:52:11","slug":"vape-case-mini-pink-estuche-de-alta-resistencia","status":"publish","type":"product","link":"https:\/\/wiwo.link\/index.php\/product\/vape-case-mini-pink-estuche-de-alta-resistencia\/","title":{"rendered":"Vape Case Mini Pink &#8211; Estuche de Alta Resistencia"},"content":{"rendered":"<p>Vape Mini Case ser\u00e1 tu compa\u00f1ero para organizar mejor tu vida, protegido gracias a su alta calidad. Es ideal para guardar cosas peque\u00f1as sin estar preocupado de que se pierdan o se da\u00f1en por golpes gracias a su alta rigidez. Posee un excelente tama\u00f1o de 7,5cm de largo por 12,5cm de ancho, y 4cm de altura, ideal para ponerlo en cualquier cartera o banano. Su tela exterior es de alta resistencia, pero sumamente suave al tacto, procurando que puedas transportarlo en cualquier parte, sin riesgo de sufrir rasmillones, y con una excelente capacidad de evitar manchas por suciedad. Adem\u00e1s de eso dispone de materiales firmes no flexibles de alta resistencia para evitar cualquier tipo de golpe a los elementos que tenga en su interior.<\/p>\n<p>Incluye tambi\u00e9n un cierre con carril de alto grosor para evitar deformaciones con el uso constante, y dos tiradores para cerrarlo desde cualquier posici\u00f3n. Su cierre adem\u00e1s es oculto, lo cual evita el paso de cualquier tipo de luz. El Vape Case posee un dise\u00f1o interior sumamente elegante y organizado, gracias a dos cintas el\u00e1sticas y un bolsillo tipo malla, los cuales le permitir\u00e1n al usuario utilizarlo para guardar y transportar cualquier cosa.<\/p>\n<p>Prefiere productos con c\u00f3digo de autenticidad. S\u00f3lo los productos con c\u00f3digo funcional son genuinos. Ten precauci\u00f3n con los productos falsificados que se encuentran en el mercado. Tu garant\u00eda al comprar en Vape cubrir\u00e1 incluso que tu c\u00f3digo funcione correctamente.<\/p>\n<p>Vape Chile, cigarrillos electronicos y vaporizadores . Tienda de accesorios, repuestos y esencias para vaporizador (cigarro electronico)<\/p>\n","protected":false},"excerpt":{"rendered":"<p>Vape Mini Case ser\u00e1 tu compa\u00f1ero para organizar mejor tu vida, protegido gracias a su alta calidad. Es ideal para guardar cosas peque\u00f1as sin estar preocupado de que se pierdan o se da\u00f1en por golpes gracias a su alta rigidez. Posee un excelente tama\u00f1o de 7,5cm de largo por 12,5cm de ancho, y 4cm de [&hellip;]<\/p>\n","protected":false},"featured_media":0,"comment_status":"open","ping_status":"closed","template":"","meta":[],"product_cat":[15],"product_tag":[],"class_list":{"0":"post-1604","1":"product","2":"type-product","3":"status-publish","5":"product_cat-uncategorized","7":"first","8":"instock","9":"shipping-taxable","10":"product-type-simple"},"_links":{"self":[{"href":"https:\/\/wiwo.link\/index.php\/wp-json\/wp\/v2\/product\/1604","targetHints":{"allow":["GET"]}}],"collection":[{"href":"https:\/\/wiwo.link\/index.php\/wp-json\/wp\/v2\/product"}],"about":[{"href":"https:\/\/wiwo.link\/index.php\/wp-json\/wp\/v2\/types\/product"}],"replies":[{"embeddable":true,"href":"https:\/\/wiwo.link\/index.php\/wp-json\/wp\/v2\/comments?post=1604"}],"wp:attachment":[{"href":"https:\/\/wiwo.link\/index.php\/wp-json\/wp\/v2\/media?parent=1604"}],"wp:term":[{"taxonomy":"product_cat","embeddable":true,"href":"https:\/\/wiwo.link\/index.php\/wp-json\/wp\/v2\/product_cat?post=1604"},{"taxonomy":"product_tag","embeddable":true,"href":"https:\/\/wiwo.link\/index.php\/wp-json\/wp\/v2\/product_tag?post=1604"}],"curies":[{"name":"wp","href":"https:\/\/api.w.org\/{rel}","templated":true}]}}