{"id":195,"date":"2024-08-07T22:49:37","date_gmt":"2024-08-07T22:49:37","guid":{"rendered":"https:\/\/wiwo.link\/?post_type=product&#038;p=195"},"modified":"2024-08-07T22:49:38","modified_gmt":"2024-08-07T22:49:38","slug":"cartucho-vacio-transparente-smok-novo-4-2ml-black","status":"publish","type":"product","link":"https:\/\/wiwo.link\/index.php\/product\/cartucho-vacio-transparente-smok-novo-4-2ml-black\/","title":{"rendered":"Cartucho Vacio Transparente SMOK Novo 4 2ml Black"},"content":{"rendered":"<p>Cartucho vacio para el SMOK Novo 4, precio por una unidad, no incluye resistencias.<\/p>\n<p>El precio disponible es por unidad de repuesto, no por caja. El contenido de la caja varia entre 2 a 5 unidades dependiendo del producto<\/p>\n<p>Imagen Solo Referencial<\/p>\n<p>Compatible con<br \/>\nDispositivos SMOK Novo 4, Resistencias LP1<\/p>\n<p>Prefiere productos con c\u00f3digo de autenticidad. S\u00f3lo los productos con c\u00f3digo funcional son genuinos. Ten precauci\u00f3n con los productos falsificados que se encuentran en el mercado. Tu garant\u00eda al comprar en Vape cubrir\u00e1 incluso que tu c\u00f3digo funcione correctamente.<\/p>\n<p>Vape Chile, cigarrillos electronicos y vaporizadores . Tienda de accesorios, repuestos y esencias para vaporizador (cigarro electronico)<\/p>\n","protected":false},"excerpt":{"rendered":"<p>Cartucho vacio para el SMOK Novo 4, precio por una unidad, no incluye resistencias. El precio disponible es por unidad de repuesto, no por caja. El contenido de la caja varia entre 2 a 5 unidades dependiendo del producto Imagen Solo Referencial Compatible con Dispositivos SMOK Novo 4, Resistencias LP1 Prefiere productos con c\u00f3digo de [&hellip;]<\/p>\n","protected":false},"featured_media":0,"comment_status":"open","ping_status":"closed","template":"","meta":[],"product_cat":[15],"product_tag":[],"class_list":{"0":"post-195","1":"product","2":"type-product","3":"status-publish","5":"product_cat-uncategorized","7":"first","8":"outofstock","9":"shipping-taxable","10":"product-type-variable"},"_links":{"self":[{"href":"https:\/\/wiwo.link\/index.php\/wp-json\/wp\/v2\/product\/195","targetHints":{"allow":["GET"]}}],"collection":[{"href":"https:\/\/wiwo.link\/index.php\/wp-json\/wp\/v2\/product"}],"about":[{"href":"https:\/\/wiwo.link\/index.php\/wp-json\/wp\/v2\/types\/product"}],"replies":[{"embeddable":true,"href":"https:\/\/wiwo.link\/index.php\/wp-json\/wp\/v2\/comments?post=195"}],"wp:attachment":[{"href":"https:\/\/wiwo.link\/index.php\/wp-json\/wp\/v2\/media?parent=195"}],"wp:term":[{"taxonomy":"product_cat","embeddable":true,"href":"https:\/\/wiwo.link\/index.php\/wp-json\/wp\/v2\/product_cat?post=195"},{"taxonomy":"product_tag","embeddable":true,"href":"https:\/\/wiwo.link\/index.php\/wp-json\/wp\/v2\/product_tag?post=195"}],"curies":[{"name":"wp","href":"https:\/\/api.w.org\/{rel}","templated":true}]}}