{"id":26,"date":"2024-08-07T22:49:23","date_gmt":"2024-08-07T22:49:23","guid":{"rendered":"https:\/\/wiwo.link\/?post_type=product&#038;p=26"},"modified":"2024-08-07T22:49:25","modified_gmt":"2024-08-07T22:49:25","slug":"resistencia-vaporesso-skrr","status":"publish","type":"product","link":"https:\/\/wiwo.link\/index.php\/product\/resistencia-vaporesso-skrr\/","title":{"rendered":"Resistencia Vaporesso SKRR"},"content":{"rendered":"<p>Repuesto para mantener tu dispositivo como nuevo. Si notas que tu aparato no est\u00e1 evaporando lo suficiente o est\u00e1 demasiado obtruido, o incluso tu l\u00edquido se pone de color oscuro, es necesario cambiar la resistencia. Simplemente abre tu tanque, desenrosca la resistencia antigua y enrosca la resistencia nueva, cualquier duda puedes hacerla contact\u00e1ndote con nosotros.<\/p>\n<p>Los ohms en la resistencia determinan el sabor final del l\u00edquido, por m\u00e1s que corresponda al mismo, el sabor difiere en una y otra resistencia con diferentes ohmiajes. La mejor resistencia es cosa de gustos, y en general todos los kit o atomizadores incluyen m\u00e1s de una resistencia distinta a la pre instalada, las cuales son de diferentes ohms, para que conozcas la diferencia en el paladar entre una y otra.<\/p>\n","protected":false},"excerpt":{"rendered":"<p>Repuesto para mantener tu dispositivo como nuevo. Si notas que tu aparato no est\u00e1 evaporando lo suficiente o est\u00e1 demasiado obtruido, o incluso tu l\u00edquido se pone de color oscuro, es necesario cambiar la resistencia. Simplemente abre tu tanque, desenrosca la resistencia antigua y enrosca la resistencia nueva, cualquier duda puedes hacerla contact\u00e1ndote con nosotros. [&hellip;]<\/p>\n","protected":false},"featured_media":0,"comment_status":"open","ping_status":"closed","template":"","meta":[],"product_cat":[15],"product_tag":[],"class_list":{"0":"post-26","1":"product","2":"type-product","3":"status-publish","5":"product_cat-uncategorized","7":"first","8":"outofstock","9":"shipping-taxable","10":"product-type-variable"},"_links":{"self":[{"href":"https:\/\/wiwo.link\/index.php\/wp-json\/wp\/v2\/product\/26","targetHints":{"allow":["GET"]}}],"collection":[{"href":"https:\/\/wiwo.link\/index.php\/wp-json\/wp\/v2\/product"}],"about":[{"href":"https:\/\/wiwo.link\/index.php\/wp-json\/wp\/v2\/types\/product"}],"replies":[{"embeddable":true,"href":"https:\/\/wiwo.link\/index.php\/wp-json\/wp\/v2\/comments?post=26"}],"wp:attachment":[{"href":"https:\/\/wiwo.link\/index.php\/wp-json\/wp\/v2\/media?parent=26"}],"wp:term":[{"taxonomy":"product_cat","embeddable":true,"href":"https:\/\/wiwo.link\/index.php\/wp-json\/wp\/v2\/product_cat?post=26"},{"taxonomy":"product_tag","embeddable":true,"href":"https:\/\/wiwo.link\/index.php\/wp-json\/wp\/v2\/product_tag?post=26"}],"curies":[{"name":"wp","href":"https:\/\/api.w.org\/{rel}","templated":true}]}}