{"id":317,"date":"2024-08-07T22:49:48","date_gmt":"2024-08-07T22:49:48","guid":{"rendered":"https:\/\/wiwo.link\/?post_type=product&#038;p=317"},"modified":"2024-08-07T22:49:49","modified_gmt":"2024-08-07T22:49:49","slug":"custard-monster-salt-vainilla-30ml","status":"publish","type":"product","link":"https:\/\/wiwo.link\/index.php\/product\/custard-monster-salt-vainilla-30ml\/","title":{"rendered":"Custard Monster Salt &#8211; Vainilla 30ML &#8211;"},"content":{"rendered":"<p>Custard Monster es una linea de Monster Labs especializada en las cremas en base a vainilla custard, acompa\u00f1adas de deliciosas frutas como Frutilla, Arandanos e incluso una rica crema de Vainilla con galletas Waffles<\/p>\n<p>Exquisita Crema de Vainilla con un toque a mermelada de mora que hace de esta esencia una combinaci\u00f3n \u00fanica<\/p>\n<p>Liquido Salt, esto significa que es un concentrado recomendado solo para vaporizadores peque\u00f1os dentro de la categoria Pods.<\/p>\n<p>Los Liquidos Salt no son recomendados para drip, atomizadores comerciales ni resistencias reparables.<\/p>\n<p>\u2014\u2014\u2014\u2014\u2014\u2014\u2014\u2014\u2014\u2014\u2014\u2013<br \/>\nConcentracion PG\/VG : 50\/50<br \/>\nContenido : 30ml<br \/>\nFuerza :  24mg | 48mg<br \/>\nNivel de Frescor: NO TIENE<\/p>\n<p>Recuerda siempre escoger cuidadosamente tus l\u00edquidos, ya que muchos en el mercado son de procedencia desconocida. \u00bfSab\u00edas que hay l\u00edquidos con componentes que podr\u00edan da\u00f1ar tu salud?, muchos vendedores de l\u00edquidos a\u00f1aden componentes que son perjudiciales para tu organismo (az\u00facares indebidos, esencias no aptas para l\u00edquido, entre otros), por lo cual siempre procura comprar tus l\u00edquidos en empresas con laboratorio aprobado, de experiencia y renombre a nivel mundial.<\/p>\n<p>Vape Chile, cigarrillos electronicos y vaporizadores . Tienda de accesorios, repuestos y esencias para vaporizador (cigarro electronico).<\/p>\n","protected":false},"excerpt":{"rendered":"<p>Custard Monster es una linea de Monster Labs especializada en las cremas en base a vainilla custard, acompa\u00f1adas de deliciosas frutas como Frutilla, Arandanos e incluso una rica crema de Vainilla con galletas Waffles Exquisita Crema de Vainilla con un toque a mermelada de mora que hace de esta esencia una combinaci\u00f3n \u00fanica Liquido Salt, [&hellip;]<\/p>\n","protected":false},"featured_media":0,"comment_status":"open","ping_status":"closed","template":"","meta":[],"product_cat":[15],"product_tag":[],"class_list":{"0":"post-317","1":"product","2":"type-product","3":"status-publish","5":"product_cat-uncategorized","7":"first","8":"outofstock","9":"shipping-taxable","10":"product-type-variable"},"_links":{"self":[{"href":"https:\/\/wiwo.link\/index.php\/wp-json\/wp\/v2\/product\/317","targetHints":{"allow":["GET"]}}],"collection":[{"href":"https:\/\/wiwo.link\/index.php\/wp-json\/wp\/v2\/product"}],"about":[{"href":"https:\/\/wiwo.link\/index.php\/wp-json\/wp\/v2\/types\/product"}],"replies":[{"embeddable":true,"href":"https:\/\/wiwo.link\/index.php\/wp-json\/wp\/v2\/comments?post=317"}],"wp:attachment":[{"href":"https:\/\/wiwo.link\/index.php\/wp-json\/wp\/v2\/media?parent=317"}],"wp:term":[{"taxonomy":"product_cat","embeddable":true,"href":"https:\/\/wiwo.link\/index.php\/wp-json\/wp\/v2\/product_cat?post=317"},{"taxonomy":"product_tag","embeddable":true,"href":"https:\/\/wiwo.link\/index.php\/wp-json\/wp\/v2\/product_tag?post=317"}],"curies":[{"name":"wp","href":"https:\/\/api.w.org\/{rel}","templated":true}]}}