{"id":64,"date":"2024-08-07T22:49:27","date_gmt":"2024-08-07T22:49:27","guid":{"rendered":"https:\/\/wiwo.link\/?post_type=product&#038;p=64"},"modified":"2024-08-07T22:49:28","modified_gmt":"2024-08-07T22:49:28","slug":"botella-resistencias-pre-armadas-wotofo-10pcs","status":"publish","type":"product","link":"https:\/\/wiwo.link\/index.php\/product\/botella-resistencias-pre-armadas-wotofo-10pcs\/","title":{"rendered":"Botella Resistencias Pre Armadas WOTOFO 10pcs"},"content":{"rendered":"<p>Botella de Resistencias Pre Armadas Reparables WOTOFO genuinas<\/p>\n<p>La imagen es solo de referencia, para orientarte puedes apoyarte la siguiente tabla o consultarnos directamente.<\/p>\n<p>Compatible con<br \/>\nAtomizadores Reparables RTA, RDA, RDTA de cualquier marca y modelo<\/p>\n<p>Prefiere productos con c\u00f3digo de autenticidad. S\u00f3lo los productos con c\u00f3digo funcional son genuinos. Ten precauci\u00f3n con los productos falsificados que se encuentran en el mercado. Tu garant\u00eda al comprar en Vape cubrir\u00e1 incluso que tu c\u00f3digo funcione correctamente.<\/p>\n<p>Vape Chile, cigarrillos electronicos y vaporizadores . Tienda de accesorios, repuestos y esencias para vaporizador (cigarro electronico)<\/p>\n","protected":false},"excerpt":{"rendered":"<p>Botella de Resistencias Pre Armadas Reparables WOTOFO genuinas La imagen es solo de referencia, para orientarte puedes apoyarte la siguiente tabla o consultarnos directamente. Compatible con Atomizadores Reparables RTA, RDA, RDTA de cualquier marca y modelo Prefiere productos con c\u00f3digo de autenticidad. S\u00f3lo los productos con c\u00f3digo funcional son genuinos. Ten precauci\u00f3n con los productos [&hellip;]<\/p>\n","protected":false},"featured_media":0,"comment_status":"open","ping_status":"closed","template":"","meta":[],"product_cat":[15],"product_tag":[],"class_list":{"0":"post-64","1":"product","2":"type-product","3":"status-publish","5":"product_cat-uncategorized","7":"first","8":"outofstock","9":"shipping-taxable","10":"product-type-variable"},"_links":{"self":[{"href":"https:\/\/wiwo.link\/index.php\/wp-json\/wp\/v2\/product\/64","targetHints":{"allow":["GET"]}}],"collection":[{"href":"https:\/\/wiwo.link\/index.php\/wp-json\/wp\/v2\/product"}],"about":[{"href":"https:\/\/wiwo.link\/index.php\/wp-json\/wp\/v2\/types\/product"}],"replies":[{"embeddable":true,"href":"https:\/\/wiwo.link\/index.php\/wp-json\/wp\/v2\/comments?post=64"}],"wp:attachment":[{"href":"https:\/\/wiwo.link\/index.php\/wp-json\/wp\/v2\/media?parent=64"}],"wp:term":[{"taxonomy":"product_cat","embeddable":true,"href":"https:\/\/wiwo.link\/index.php\/wp-json\/wp\/v2\/product_cat?post=64"},{"taxonomy":"product_tag","embeddable":true,"href":"https:\/\/wiwo.link\/index.php\/wp-json\/wp\/v2\/product_tag?post=64"}],"curies":[{"name":"wp","href":"https:\/\/api.w.org\/{rel}","templated":true}]}}