{"id":660,"date":"2024-08-07T22:50:19","date_gmt":"2024-08-07T22:50:19","guid":{"rendered":"https:\/\/wiwo.link\/?post_type=product&#038;p=660"},"modified":"2024-08-07T22:50:20","modified_gmt":"2024-08-07T22:50:20","slug":"vaporesso-target-100","status":"publish","type":"product","link":"https:\/\/wiwo.link\/index.php\/product\/vaporesso-target-100\/","title":{"rendered":"Vaporesso TARGET 100"},"content":{"rendered":"<p>Target 100 es el nuevo miembro de la familia VAPORESSO TARGET Series, incluyendo el nuevo iTank. Junto a su sistema resistente al agua, y un mod mas comodo a la mano, compatibiliza un peque\u00f1o tama\u00f1o con una bater\u00eda de larga duraci\u00f3n. El nuevo iTank ha sido dise\u00f1ado con regulaci\u00f3n de aire en la parte baja, con un innovador sistema Turbo Airflow gracias a su linea de resistencias GTi, prove un flujo de aire suave y con excelente sabor. Incluye el ultimo AXON CHIP con sistema de pulsos para mejoramiento de sabor y duraci\u00f3n de bater\u00eda.<\/p>\n<p>LINK OFICIAL<\/p>\n<p>Producto Contiene<\/p>\n<p>1x Vaporesso TARGET 100 (No incluye bater\u00eda, para obtener la tuya haz click aqu\u00ed)<br \/>\n1x Atomizador iTank (5ml)<br \/>\n1x Resistencia GTi Meshed 0.2\u03a9 (60-75W)<br \/>\n1x Resistencia GTi Meshed 0.40\u03a9 (50-60W)<br \/>\n1x Vidrio Extra de Repuesto<br \/>\n3x Orings de Recambio<br \/>\n1x Cable carga USB Type C<br \/>\n1x Manual de Usuario<br \/>\n1x Tarjeta de Garantia<br \/>\nAccesorios varios<\/p>\n<p>Especificaciones T\u00e9cnicas<\/p>\n<p>Capacidad de Tanque de 5ml<br \/>\nNO INCLUYE BATER\u00cdA &#8211; UTILIZA 18650 o 21700<br \/>\nMedidas: 140.3mm x 35.1mm x 28.6mm<br \/>\nPeso ?gr<br \/>\nPoder de Salida: 5-80W<br \/>\nVersion Carga Rapida: 2A<br \/>\nPantalla: TFT 0.96&#8243; a Color<\/p>\n<p>Obten tus resistencias de repuesto dando click aca<\/p>\n<p>NO incluye bater\u00eda, para obtener la tuya Tipo 18650 haz click aqu\u00ed<\/p>\n<p>NO incluye bater\u00eda, para obtener la tuya Tipo 21700 haz click aqu\u00ed<\/p>\n<p>Prefiere productos con c\u00f3digo de autenticidad. S\u00f3lo los productos con c\u00f3digo funcional son genuinos. Ten precauci\u00f3n con los productos falsificados que se encuentran en el mercado. Tu garant\u00eda al comprar en Vape cubrir\u00e1 incluso que tu c\u00f3digo funcione correctamente.<\/p>\n<p>Vape Chile, cigarrillos electronicos y vaporizadores . Tienda de accesorios, repuestos y esencias para vaporizador (cigarro electronico)<\/p>\n","protected":false},"excerpt":{"rendered":"<p>Target 100 es el nuevo miembro de la familia VAPORESSO TARGET Series, incluyendo el nuevo iTank. Junto a su sistema resistente al agua, y un mod mas comodo a la mano, compatibiliza un peque\u00f1o tama\u00f1o con una bater\u00eda de larga duraci\u00f3n. El nuevo iTank ha sido dise\u00f1ado con regulaci\u00f3n de aire en la parte baja, [&hellip;]<\/p>\n","protected":false},"featured_media":0,"comment_status":"open","ping_status":"closed","template":"","meta":[],"product_cat":[15],"product_tag":[],"class_list":{"0":"post-660","1":"product","2":"type-product","3":"status-publish","5":"product_cat-uncategorized","7":"first","8":"outofstock","9":"shipping-taxable","10":"product-type-variable"},"_links":{"self":[{"href":"https:\/\/wiwo.link\/index.php\/wp-json\/wp\/v2\/product\/660","targetHints":{"allow":["GET"]}}],"collection":[{"href":"https:\/\/wiwo.link\/index.php\/wp-json\/wp\/v2\/product"}],"about":[{"href":"https:\/\/wiwo.link\/index.php\/wp-json\/wp\/v2\/types\/product"}],"replies":[{"embeddable":true,"href":"https:\/\/wiwo.link\/index.php\/wp-json\/wp\/v2\/comments?post=660"}],"wp:attachment":[{"href":"https:\/\/wiwo.link\/index.php\/wp-json\/wp\/v2\/media?parent=660"}],"wp:term":[{"taxonomy":"product_cat","embeddable":true,"href":"https:\/\/wiwo.link\/index.php\/wp-json\/wp\/v2\/product_cat?post=660"},{"taxonomy":"product_tag","embeddable":true,"href":"https:\/\/wiwo.link\/index.php\/wp-json\/wp\/v2\/product_tag?post=660"}],"curies":[{"name":"wp","href":"https:\/\/api.w.org\/{rel}","templated":true}]}}