{"id":679,"date":"2024-08-07T22:50:21","date_gmt":"2024-08-07T22:50:21","guid":{"rendered":"https:\/\/wiwo.link\/?post_type=product&#038;p=679"},"modified":"2024-08-07T22:50:23","modified_gmt":"2024-08-07T22:50:23","slug":"vandyvape-kylin-m-pro-rta-8ml","status":"publish","type":"product","link":"https:\/\/wiwo.link\/index.php\/product\/vandyvape-kylin-m-pro-rta-8ml\/","title":{"rendered":"VandyVape KYLIN M PRO RTA 8ml"},"content":{"rendered":"<p>El perfeccionamiento del RTA lo representa sin duda alguna el Kylin M. Disfruta de un atomizador con una capacidad nunca antes vista de 8ml, manteniendo su excelente tama\u00f1o compacto. Adem\u00e1s, funciona con el sistema de mallas, llevando el vapeo a otro nivel, sin necesidad de realizar estabilizaciones ni procedimientos complejos. Simplemente instala tu malla, tu algod\u00f3n y ya estamos listos para rellenar y vaporizar nuestros liquidos.<\/p>\n<p>Kylin M Pro a diferencia del Kylin M RTA, viene con 27.2mm de di\u00e1metro, y 33.35mm de alto, con toma de aire por la parte superior, evitando fugas desagradables. En Vape podras encontrar sus resistencias compatibles las cuales te adjuntamos en link a continuaci\u00f3n.<\/p>\n<p>Sitio WEB Oficial<\/p>\n<p>Para obtener tus Resistencias haz click aca<\/p>\n<p>Producto Contiene<\/p>\n<p>1 Atomizador Vandy Vape Kylin M PRO RTA (8ml)<br \/>\n1 Bolsa de Accesorios<br \/>\n2 Lazos de Algodon<br \/>\n2 Resistencias A1 M Coils 0.2\u03a9<br \/>\n2 Resistencias A1 M Coil 0.15\u03a9<br \/>\n1 Vidrio Extra de Repuesto<br \/>\n1 Manual de Usuario<br \/>\nEspecificaciones T\u00e9cnicas<\/p>\n<p>24.5mm Diametro<br \/>\n52.5mm Altura total<\/p>\n<p>Todos nuestros productos incluyen garant\u00eda 3\u00d73 (de tres meses) en caso de falla. Si tu aparato falla dentro de los tres primeros meses te entregaremos una pieza nueva en reemplazo.<\/p>\n<p>Prefiere productos con c\u00f3digo, s\u00f3lo los productos con c\u00f3digo de genuinidad son aut\u00e9nticos. Evita copias por tu seguridad (clones no estan regulados). Tu garant\u00eda al comprar en Vape cubrir\u00e1 incluso que tu c\u00f3digo funcione correctamente.<\/p>\n","protected":false},"excerpt":{"rendered":"<p>El perfeccionamiento del RTA lo representa sin duda alguna el Kylin M. Disfruta de un atomizador con una capacidad nunca antes vista de 8ml, manteniendo su excelente tama\u00f1o compacto. Adem\u00e1s, funciona con el sistema de mallas, llevando el vapeo a otro nivel, sin necesidad de realizar estabilizaciones ni procedimientos complejos. Simplemente instala tu malla, tu [&hellip;]<\/p>\n","protected":false},"featured_media":0,"comment_status":"open","ping_status":"closed","template":"","meta":[],"product_cat":[15],"product_tag":[],"class_list":{"0":"post-679","1":"product","2":"type-product","3":"status-publish","5":"product_cat-uncategorized","7":"first","8":"outofstock","9":"shipping-taxable","10":"product-type-variable"},"_links":{"self":[{"href":"https:\/\/wiwo.link\/index.php\/wp-json\/wp\/v2\/product\/679","targetHints":{"allow":["GET"]}}],"collection":[{"href":"https:\/\/wiwo.link\/index.php\/wp-json\/wp\/v2\/product"}],"about":[{"href":"https:\/\/wiwo.link\/index.php\/wp-json\/wp\/v2\/types\/product"}],"replies":[{"embeddable":true,"href":"https:\/\/wiwo.link\/index.php\/wp-json\/wp\/v2\/comments?post=679"}],"wp:attachment":[{"href":"https:\/\/wiwo.link\/index.php\/wp-json\/wp\/v2\/media?parent=679"}],"wp:term":[{"taxonomy":"product_cat","embeddable":true,"href":"https:\/\/wiwo.link\/index.php\/wp-json\/wp\/v2\/product_cat?post=679"},{"taxonomy":"product_tag","embeddable":true,"href":"https:\/\/wiwo.link\/index.php\/wp-json\/wp\/v2\/product_tag?post=679"}],"curies":[{"name":"wp","href":"https:\/\/api.w.org\/{rel}","templated":true}]}}