{"id":770,"date":"2024-08-07T22:50:31","date_gmt":"2024-08-07T22:50:31","guid":{"rendered":"https:\/\/wiwo.link\/?post_type=product&#038;p=770"},"modified":"2024-08-07T22:50:32","modified_gmt":"2024-08-07T22:50:32","slug":"yocan-hit-kit","status":"publish","type":"product","link":"https:\/\/wiwo.link\/index.php\/product\/yocan-hit-kit\/","title":{"rendered":"YOCAN &#8211; Hit Kit"},"content":{"rendered":"<p>El nuevo YOCAN HIT es impresionante, esta realmente pensado en el usuario y tiene todas las caracteristicas necesarias para sorprenderte, entregandote unas sesiones de convecci\u00f3n \u00fanicas en el d\u00eda a d\u00eda. El dispositivo tiene una boquilla magn\u00e9tica muy f\u00e1cil de utilizar, anclada a una pala de ayuda para remover la hierba del interior. Incluye una c\u00e1mara de cer\u00e1mica que entrega incre\u00edble sabor y producci\u00f3n de vapor, adem\u00e1s de un r\u00e1pido calentamiento y f\u00e1cil limpieza gracias a su resistencia a toda prueba. El dispositivo incluye vibraci\u00f3n para estar en directa comunicaci\u00f3n contigo, enciende el dispositivo, fija la temperatura deseada, enciende el proceso de calentamiento. Incluso si calientas al m\u00e1ximo de temperatura, el dispositivo solo durar\u00e1 30s en alcanzarla ! Incre\u00edblemente r\u00e1pido y eficiente.<\/p>\n<p>Incluye dos modos disponibles de 3 o 5 minutos dependiendo de las diferentes ocasiones en las que se encuentre el usuario. Simplemente presione el boton power juntos para lograr cambiar el tiempo de trabajo. Una de las cosas impresionantes de este dispositivo es su flujo de aire que es sumamente suave y ligero a la vez, se siente realmente exquisito al vapear entregando una sensaci\u00f3n de alta calidad. El dispositivo tiene una proteccion de auto apagado en caso de que quede m\u00e1s de 30 minutos encendido entregando un ambiente de seguridad al utilizar el dispositivo. Facil de utilizar, compacto, discreto, sin duda una tremenda opci\u00f3n y en distintos y hermosos colores.<\/p>\n<p>LINK OFICIAL<\/p>\n<p>Producto Contiene<\/p>\n<p>1x YOCAN HIT Pen<br \/>\n1x Cepillo de Limpieza<br \/>\n1x Cable Type-C<br \/>\n1x Manual de instrucciones<\/p>\n<p>Especificaciones T\u00e9cnicas<\/p>\n<p>Pantalla OLED<br \/>\nMedidas 23mm x 117mm<br \/>\nPeso Neto: 77gr<br \/>\nCapacidad de Bateria: 1400mAh<br \/>\nMaterial: Aleacion de Aluminio<br \/>\nCamara de Calentamiento: Ceramica<br \/>\nVoltaje de Carga: 5V<br \/>\nVelocidad de Carga 0.9A<\/p>\n<p>Prefiere productos con c\u00f3digo de autenticidad. S\u00f3lo los productos con c\u00f3digo funcional son genuinos. Ten precauci\u00f3n con los productos falsificados que se encuentran en el mercado. Tu garant\u00eda al comprar en Vape cubrir\u00e1 incluso que tu c\u00f3digo funcione correctamente.<\/p>\n<p>Vape Chile, cigarrillos electronicos y vaporizadores . Tienda de accesorios, repuestos y esencias para vaporizador (cigarro electronico)<\/p>\n","protected":false},"excerpt":{"rendered":"<p>El nuevo YOCAN HIT es impresionante, esta realmente pensado en el usuario y tiene todas las caracteristicas necesarias para sorprenderte, entregandote unas sesiones de convecci\u00f3n \u00fanicas en el d\u00eda a d\u00eda. El dispositivo tiene una boquilla magn\u00e9tica muy f\u00e1cil de utilizar, anclada a una pala de ayuda para remover la hierba del interior. Incluye una [&hellip;]<\/p>\n","protected":false},"featured_media":0,"comment_status":"open","ping_status":"closed","template":"","meta":[],"product_cat":[15],"product_tag":[],"class_list":{"0":"post-770","1":"product","2":"type-product","3":"status-publish","5":"product_cat-uncategorized","7":"first","8":"outofstock","9":"shipping-taxable","10":"product-type-variable"},"_links":{"self":[{"href":"https:\/\/wiwo.link\/index.php\/wp-json\/wp\/v2\/product\/770","targetHints":{"allow":["GET"]}}],"collection":[{"href":"https:\/\/wiwo.link\/index.php\/wp-json\/wp\/v2\/product"}],"about":[{"href":"https:\/\/wiwo.link\/index.php\/wp-json\/wp\/v2\/types\/product"}],"replies":[{"embeddable":true,"href":"https:\/\/wiwo.link\/index.php\/wp-json\/wp\/v2\/comments?post=770"}],"wp:attachment":[{"href":"https:\/\/wiwo.link\/index.php\/wp-json\/wp\/v2\/media?parent=770"}],"wp:term":[{"taxonomy":"product_cat","embeddable":true,"href":"https:\/\/wiwo.link\/index.php\/wp-json\/wp\/v2\/product_cat?post=770"},{"taxonomy":"product_tag","embeddable":true,"href":"https:\/\/wiwo.link\/index.php\/wp-json\/wp\/v2\/product_tag?post=770"}],"curies":[{"name":"wp","href":"https:\/\/api.w.org\/{rel}","templated":true}]}}