{"id":90,"date":"2024-08-07T22:49:30","date_gmt":"2024-08-07T22:49:30","guid":{"rendered":"https:\/\/wiwo.link\/?post_type=product&#038;p=90"},"modified":"2024-08-07T22:49:30","modified_gmt":"2024-08-07T22:49:30","slug":"pyrex-uforce-5ml-voopoo","status":"publish","type":"product","link":"https:\/\/wiwo.link\/index.php\/product\/pyrex-uforce-5ml-voopoo\/","title":{"rendered":"Pyrex UForce 5ml Voopoo"},"content":{"rendered":"<p>Repuesto de Eleaf hecho de vidrio pyrex para mayor resistencia. <\/p>\n<p>Compatible con:<\/p>\n<p>Atomizador Uforce Tank (Subhom)<br \/>\nVoopoo Caliber<br \/>\nVoopo Drag 2<br \/>\nVoopoo Mojo<\/p>\n<p>Prefiere productos con c\u00f3digo de autenticidad. S\u00f3lo los productos con c\u00f3digo funcional son genuinos. Ten precauci\u00f3n con los productos falsificados que se encuentran en el mercado. Tu garant\u00eda al comprar en Vape cubrir\u00e1 incluso que tu c\u00f3digo funcione correctamente.<\/p>\n<p>Vape Chile, cigarrillos electronicos y vaporizadores . Tienda de accesorios, repuestos y esencias para vaporizador (cigarro electronico)<\/p>\n","protected":false},"excerpt":{"rendered":"<p>Repuesto de Eleaf hecho de vidrio pyrex para mayor resistencia. Compatible con: Atomizador Uforce Tank (Subhom) Voopoo Caliber Voopo Drag 2 Voopoo Mojo Prefiere productos con c\u00f3digo de autenticidad. S\u00f3lo los productos con c\u00f3digo funcional son genuinos. Ten precauci\u00f3n con los productos falsificados que se encuentran en el mercado. Tu garant\u00eda al comprar en Vape [&hellip;]<\/p>\n","protected":false},"featured_media":0,"comment_status":"open","ping_status":"closed","template":"","meta":[],"product_cat":[15],"product_tag":[],"class_list":{"0":"post-90","1":"product","2":"type-product","3":"status-publish","5":"product_cat-uncategorized","7":"first","8":"outofstock","9":"shipping-taxable","10":"product-type-variable"},"_links":{"self":[{"href":"https:\/\/wiwo.link\/index.php\/wp-json\/wp\/v2\/product\/90","targetHints":{"allow":["GET"]}}],"collection":[{"href":"https:\/\/wiwo.link\/index.php\/wp-json\/wp\/v2\/product"}],"about":[{"href":"https:\/\/wiwo.link\/index.php\/wp-json\/wp\/v2\/types\/product"}],"replies":[{"embeddable":true,"href":"https:\/\/wiwo.link\/index.php\/wp-json\/wp\/v2\/comments?post=90"}],"wp:attachment":[{"href":"https:\/\/wiwo.link\/index.php\/wp-json\/wp\/v2\/media?parent=90"}],"wp:term":[{"taxonomy":"product_cat","embeddable":true,"href":"https:\/\/wiwo.link\/index.php\/wp-json\/wp\/v2\/product_cat?post=90"},{"taxonomy":"product_tag","embeddable":true,"href":"https:\/\/wiwo.link\/index.php\/wp-json\/wp\/v2\/product_tag?post=90"}],"curies":[{"name":"wp","href":"https:\/\/api.w.org\/{rel}","templated":true}]}}