{"id":975,"date":"2024-08-07T22:50:52","date_gmt":"2024-08-07T22:50:52","guid":{"rendered":"https:\/\/wiwo.link\/?post_type=product&#038;p=975"},"modified":"2024-08-07T22:50:54","modified_gmt":"2024-08-07T22:50:54","slug":"gremlin-critter-series-3500puff-50mg","status":"publish","type":"product","link":"https:\/\/wiwo.link\/index.php\/product\/gremlin-critter-series-3500puff-50mg\/","title":{"rendered":"Gremlin Critter Series 3500puff \/ 50mg"},"content":{"rendered":"<p>Dispositivo desechable marca Gremlin en distintos y variados sabores. Su capacidad de hasta 3500 puff entrega una gran autonom\u00eda, la cual puede ser nuevamente potenciada a trav\u00e9s de su puerto USB-C para recargar la bater\u00eda de 600mAh hasta que el l\u00edquido se agote.<\/p>\n<p>Disponible en variedad de sabores<\/p>\n<p>Estos dispositivos contienen liquido SALT al 5% o 50mg<\/p>\n<p>Estos dispositivos contienen nicotina y pueden ser adictivos, NO RECOMENDADO para personas NO fumadoras<\/p>\n<p>SITIO WEB OFICIAL<\/p>\n<p>\u2014\u2014\u2014\u2014\u2014\u2014\u2014\u2014\u2014\u2014\u2014\u2013<br \/>\nConcentracion PG\/VG : 50\/50<br \/>\nContenido: 10ml<br \/>\nPuffs: 3500 aproximadamente<br \/>\nNicotina: SI<br \/>\nFuerza:  5% o 50mg\/ml<\/p>\n<p>Recuerda siempre escoger cuidadosamente tus l\u00edquidos, ya que muchos en el mercado son de procedencia desconocida. \u00bfSab\u00edas que hay l\u00edquidos con componentes que podr\u00edan da\u00f1ar tu salud?, muchos vendedores de l\u00edquidos a\u00f1aden componentes que son perjudiciales para tu organismo (az\u00facares indebidos, esencias no aptas para l\u00edquido, entre otros), por lo cual siempre procura comprar tus l\u00edquidos en empresas con laboratorio aprobado, de experiencia y renombre a nivel mundial.<\/p>\n<p>Vape Chile, cigarrillos electronicos y vaporizadores . Tienda de accesorios, repuestos y esencias para vaporizador (cigarro electronico).<\/p>\n","protected":false},"excerpt":{"rendered":"<p>Dispositivo desechable marca Gremlin en distintos y variados sabores. Su capacidad de hasta 3500 puff entrega una gran autonom\u00eda, la cual puede ser nuevamente potenciada a trav\u00e9s de su puerto USB-C para recargar la bater\u00eda de 600mAh hasta que el l\u00edquido se agote. Disponible en variedad de sabores Estos dispositivos contienen liquido SALT al 5% [&hellip;]<\/p>\n","protected":false},"featured_media":0,"comment_status":"open","ping_status":"closed","template":"","meta":[],"product_cat":[15],"product_tag":[],"class_list":{"0":"post-975","1":"product","2":"type-product","3":"status-publish","5":"product_cat-uncategorized","7":"first","8":"outofstock","9":"shipping-taxable","10":"product-type-variable"},"_links":{"self":[{"href":"https:\/\/wiwo.link\/index.php\/wp-json\/wp\/v2\/product\/975","targetHints":{"allow":["GET"]}}],"collection":[{"href":"https:\/\/wiwo.link\/index.php\/wp-json\/wp\/v2\/product"}],"about":[{"href":"https:\/\/wiwo.link\/index.php\/wp-json\/wp\/v2\/types\/product"}],"replies":[{"embeddable":true,"href":"https:\/\/wiwo.link\/index.php\/wp-json\/wp\/v2\/comments?post=975"}],"wp:attachment":[{"href":"https:\/\/wiwo.link\/index.php\/wp-json\/wp\/v2\/media?parent=975"}],"wp:term":[{"taxonomy":"product_cat","embeddable":true,"href":"https:\/\/wiwo.link\/index.php\/wp-json\/wp\/v2\/product_cat?post=975"},{"taxonomy":"product_tag","embeddable":true,"href":"https:\/\/wiwo.link\/index.php\/wp-json\/wp\/v2\/product_tag?post=975"}],"curies":[{"name":"wp","href":"https:\/\/api.w.org\/{rel}","templated":true}]}}